{"id":4817,"date":"2023-10-18T07:34:39","date_gmt":"2023-10-18T07:34:39","guid":{"rendered":"https:\/\/luan.webrt.net\/imsjsc\/?page_id=4817"},"modified":"2023-10-18T07:34:39","modified_gmt":"2023-10-18T07:34:39","slug":"quan-he-co-dong","status":"publish","type":"page","link":"https:\/\/ims.vinastar.info\/?page_id=4817","title":{"rendered":"Quan h\u1ec7 c\u1ed5 \u0111\u00f4ng"},"content":{"rendered":"<p><span style=\"color: #0000ff;\"><strong>K\u00ednh g\u1eedi: Qu\u00fd c\u1ed5 \u0111\u00f4ng C\u00f4ng ty C\u00f4ng ty C\u1ed5 ph\u1ea7n Xu\u1ea5t nh\u1eadp kh\u1ea9u Chuy\u00ean gia Lao \u0111\u1ed9ng v\u00e0 K\u1ef9 thu\u1eadt (IMS)<\/strong><\/span><\/p>\n<p>D\u01b0\u1edbi \u0111\u00e2y l\u00e0 th\u00f4ng tin ph\u1ee5c v\u1ee5 c\u00e1c k\u1ef3 \u0111\u1ea1i h\u1ed9i c\u1ed5 \u0111\u00f4ng h\u00e0ng n\u0103m c\u1ee7a C\u00f4ng ty<\/p>\n<p>1. C\u00f4ng ty C\u1ed5 ph\u1ea7n Xu\u1ea5t nh\u1eadp kh\u1ea9u Chuy\u00ean gia Lao \u0111\u1ed9ng v\u00e0 K\u1ef9 thu\u1eadt xin g\u1eedi l\u1eddi ch\u00e0o tr\u00e2n tr\u1ecdng v\u00e0 xin g\u1eedi h\u1ed3 s\u01a1 ph\u1ee5c v\u1ee5 \u0110\u1ea1i h\u1ed9i c\u1ed5 \u0111\u00f4ng th\u01b0\u1eddng ni\u00ean n\u0103m 2021 trong th\u01b0 m\u1ee5c \u0111\u00ednh k\u00e8m.<\/p>\n<p>2. C\u00f4ng ty C\u1ed5 ph\u1ea7n Xu\u1ea5t nh\u1eadp kh\u1ea9u Chuy\u00ean gia, Lao \u0111\u1ed9ng v\u00e0 K\u1ef9 thu\u1eadt xin tr\u00e2n tr\u1ecdng g\u1eedi t\u1edbi Qu\u00fd c\u1ed5 \u0111\u00f4ng b\u1ea3n \u0110i\u1ec1u l\u1ec7 C\u00f4ng ty IMS \u0111\u00e3 \u0111\u01b0\u1ee3c s\u1eeda \u0111\u1ed5i, b\u1ed5 sung v\u00e0 th\u00f4ng qua t\u1ea1i cu\u1ed9c h\u1ecdp \u0110\u1ea1i h\u1ed9i \u0111\u1ed3ng c\u1ed5 \u0111\u00f4ng nhi\u1ec7m k\u1ef3 III (2015-2019) c\u1ee7a C\u00f4ng ty IMS, t\u1ed5 ch\u1ee9c v\u00e0o ng\u00e0y 24\/04\/2015.<\/p>\n<p>C\u0103n c\u1ee9 kho\u1ea3n 1 \u0111i\u1ec1u 66 \u0110i\u1ec1u l\u1ec7, b\u1ea3n \u0110i\u1ec1u l\u1ec7 n\u00e0y s\u1ebd c\u00f3 hi\u1ec7u l\u1ef1c thi h\u00e0nh k\u1ec3 t\u1eeb ng\u00e0y 01 th\u00e1ng 07 n\u0103m 2015. M\u1ecdi b\u1ea3n \u0110i\u1ec1u l\u1ec7 v\u00e0 b\u1ea3n s\u1eeda \u0111\u1ed5i, b\u1ed5 sung \u0110i\u1ec1u l\u1ec7 c\u00f4ng ty IMS tr\u01b0\u1edbc \u0111\u00f3 s\u1ebd h\u1ebft hi\u1ec7u l\u1ef1c thi h\u00e0nh k\u1ec3 t\u1eeb ng\u00e0y n\u00e0y.<\/p>\n<p>3. Th\u00f4ng tin v\u1ec1 \u0111\u1ee3t \u0111\u1ea5u gi\u00e1 c\u1ed5 ph\u1ea7n n\u0103m 2022 nh\u01b0 sau (chi ti\u1ebft trong ph\u1ea7n 7 t\u00e0i li\u1ec7u \u0111\u00ednh k\u00e8m d\u01b0\u1edbi \u0111\u00e2y):<\/p>\n<p>4. Th\u00f4ng b\u00e1o v\u1ec1 vi\u1ec7c t\u1ed5 ch\u1ee9c \u0110\u1ea1i h\u1ed9i \u0111\u1ed3ng c\u1ed5 \u0111\u00f4ng th\u01b0\u1eddng ni\u00ean n\u0103m 2022<\/p>\n<p>Tr\u00e2n tr\u1ecdng,<br \/>\nC\u00f4ng ty IMS<\/p>\n<p>T\u00e0i li\u1ec7u \u0111\u00ednh k\u00e8m:<\/p>\n<p><strong>I. T\u00e0i li\u1ec7u ph\u1ee5c v\u1ee5 \u0110\u1ea1i h\u1ed9i \u0111\u1ed3ng c\u1ed5 \u0111\u00f4ng th\u01b0\u1eddng ni\u00ean 2023<\/strong><\/p>\n<p>Ngh\u1ecb quy\u1ebft H\u0110QT ng\u00e0y 19\/01\/2023<br \/>\nT\u00e0i li\u1ec7u ph\u1ee5c v\u1ee5 \u0111\u1ea1i h\u1ed9i \u0111\u1ed3ng c\u1ed5 \u0111\u00f4ng n\u0103m 2023 (ng\u00e0y 6\/2\/2023)<br \/>\n<strong>II. T\u00e0i li\u1ec7u ph\u1ee5c v\u1ee5 \u0110\u1ea1i h\u1ed9i \u0111\u1ed3ng c\u1ed5 \u0111\u00f4ng c\u00e1c n\u0103m:<\/strong><\/p>\n<p><strong>1. K\u1ebft qu\u1ea3 \u0110\u1ea1i h\u1ed9i c\u1ed5 \u0111\u00f4ng IMS n\u0103m 2022<\/strong><\/p>\n<p><strong>2. T\u00e0i li\u1ec7u \u0110\u1ea1i h\u1ed9i \u0111\u1ed3ng c\u1ed5 \u0111\u00f4ng IMS n\u0103m 2022<\/strong><\/p>\n<p><strong>3. Th\u00f4ng tin \u0111\u1ea5u gi\u00e1 b\u00e1n c\u1ed5 ph\u1ea7n 2022<\/strong><\/p>\n<p><strong>4. T\u00e0i li\u1ec7u l\u1ea5y \u00fd ki\u1ebfn c\u1ed5 \u0111\u00f4ng b\u1eb1ng v\u0103n b\u1ea3n, ng\u00e0y 04 th\u00e1ng 01 n\u0103m 2022<\/strong><\/p>\n<p><strong>5. Ngh\u1ecb quy\u1ebft v\u00e0 Bi\u00ean b\u1ea3n ki\u1ec3m phi\u1ebfu l\u1ea5y \u00fd ki\u1ebfn c\u1ed5 \u0111\u00f4ng b\u1eb1ng v\u0103n b\u1ea3n ng\u00e0y 04 th\u00e1ng 01 n\u0103m 2022<\/strong><\/p>\n<p><strong>6. T\u00e0i li\u1ec7u \u0110\u1ea1i h\u1ed9i \u0111\u1ed3ng c\u1ed5 \u0111\u00f4ng c\u00f4ng ty IMS n\u0103m 2021<\/strong><\/p>\n<p><strong>7. T\u00e0i li\u1ec7u k\u1ebft qu\u1ea3 \u0110\u1ea1i h\u1ed9i \u0111\u1ed3ng c\u1ed5 \u0111\u00f4ng c\u00f4ng ty IMS n\u0103m 2021 (ng\u00e0y 30\/06\/2021)<\/strong><\/p>\n<p><strong>8. \u0110i\u1ec1u l\u1ec7 C\u00f4ng ty IMS n\u0103m 2021<\/strong><\/p>\n<p><strong>9. \u0110i\u1ec1u l\u1ec7 c\u00f4ng ty IMS n\u0103m 2015<\/strong><\/p>\n","protected":false},"excerpt":{"rendered":"<p>K\u00ednh g\u1eedi: Qu\u00fd c\u1ed5 \u0111\u00f4ng C\u00f4ng ty C\u00f4ng ty C\u1ed5 ph\u1ea7n Xu\u1ea5t nh\u1eadp kh\u1ea9u Chuy\u00ean gia Lao \u0111\u1ed9ng v\u00e0 K\u1ef9 thu\u1eadt (IMS) D\u01b0\u1edbi \u0111\u00e2y l\u00e0 th\u00f4ng tin ph\u1ee5c v\u1ee5 c\u00e1c k\u1ef3 \u0111\u1ea1i h\u1ed9i c\u1ed5 \u0111\u00f4ng h\u00e0ng n\u0103m c\u1ee7a C\u00f4ng ty 1. C\u00f4ng ty C\u1ed5 ph\u1ea7n Xu\u1ea5t nh\u1eadp kh\u1ea9u Chuy\u00ean gia Lao \u0111\u1ed9ng v\u00e0 K\u1ef9 thu\u1eadt&#8230;<\/p>\n","protected":false},"author":1,"featured_media":0,"parent":0,"menu_order":0,"comment_status":"closed","ping_status":"closed","template":"","meta":{"inline_featured_image":false,"footnotes":""},"yoast_head":"<!-- This site is optimized with the Yoast SEO plugin v21.2 - https:\/\/yoast.com\/wordpress\/plugins\/seo\/ -->\n<title>Website xu\u00e1t kh\u1ea9u lao \u0111\u1ed9ng, d\u1ecbch v\u1ee5<\/title>\n<meta name=\"robots\" content=\"index, follow, max-snippet:-1, max-image-preview:large, max-video-preview:-1\" \/>\n<link rel=\"canonical\" href=\"https:\/\/ims.vinastar.info\/?page_id=4817\" \/>\n<meta property=\"og:locale\" content=\"vi_VN\" \/>\n<meta property=\"og:type\" content=\"article\" \/>\n<meta property=\"og:title\" content=\"Website xu\u00e1t kh\u1ea9u lao \u0111\u1ed9ng, d\u1ecbch v\u1ee5\" \/>\n<meta property=\"og:description\" content=\"K\u00ednh g\u1eedi: Qu\u00fd c\u1ed5 \u0111\u00f4ng C\u00f4ng ty C\u00f4ng ty C\u1ed5 ph\u1ea7n Xu\u1ea5t nh\u1eadp kh\u1ea9u Chuy\u00ean gia Lao \u0111\u1ed9ng v\u00e0 K\u1ef9 thu\u1eadt (IMS) D\u01b0\u1edbi \u0111\u00e2y l\u00e0 th\u00f4ng tin ph\u1ee5c v\u1ee5 c\u00e1c k\u1ef3 \u0111\u1ea1i h\u1ed9i c\u1ed5 \u0111\u00f4ng h\u00e0ng n\u0103m c\u1ee7a C\u00f4ng ty 1. C\u00f4ng ty C\u1ed5 ph\u1ea7n Xu\u1ea5t nh\u1eadp kh\u1ea9u Chuy\u00ean gia Lao \u0111\u1ed9ng v\u00e0 K\u1ef9 thu\u1eadt...\" \/>\n<meta property=\"og:url\" content=\"https:\/\/ims.vinastar.info\/?page_id=4817\" \/>\n<meta property=\"og:site_name\" content=\"Website xu\u00e1t kh\u1ea9u lao \u0111\u1ed9ng, d\u1ecbch v\u1ee5\" \/>\n<meta name=\"twitter:card\" content=\"summary_large_image\" \/>\n<meta name=\"twitter:label1\" content=\"\u01af\u1edbc t\u00ednh th\u1eddi gian \u0111\u1ecdc\" \/>\n\t<meta name=\"twitter:data1\" content=\"3 ph\u00fat\" \/>\n<script type=\"application\/ld+json\" class=\"yoast-schema-graph\">{\"@context\":\"https:\/\/schema.org\",\"@graph\":[{\"@type\":\"WebPage\",\"@id\":\"https:\/\/ims.vinastar.info\/?page_id=4817\",\"url\":\"https:\/\/ims.vinastar.info\/?page_id=4817\",\"name\":\"Website xu\u00e1t kh\u1ea9u lao \u0111\u1ed9ng, d\u1ecbch v\u1ee5\",\"isPartOf\":{\"@id\":\"https:\/\/ims.vinastar.info\/#website\"},\"datePublished\":\"2023-10-18T07:34:39+00:00\",\"dateModified\":\"2023-10-18T07:34:39+00:00\",\"breadcrumb\":{\"@id\":\"https:\/\/ims.vinastar.info\/?page_id=4817#breadcrumb\"},\"inLanguage\":\"vi\",\"potentialAction\":[{\"@type\":\"ReadAction\",\"target\":[\"https:\/\/ims.vinastar.info\/?page_id=4817\"]}]},{\"@type\":\"BreadcrumbList\",\"@id\":\"https:\/\/ims.vinastar.info\/?page_id=4817#breadcrumb\",\"itemListElement\":[{\"@type\":\"ListItem\",\"position\":1,\"name\":\"Trang ch\u1ee7\",\"item\":\"https:\/\/ims.vinastar.info\/\"},{\"@type\":\"ListItem\",\"position\":2,\"name\":\"Quan h\u1ec7 c\u1ed5 \u0111\u00f4ng\"}]},{\"@type\":\"WebSite\",\"@id\":\"https:\/\/ims.vinastar.info\/#website\",\"url\":\"https:\/\/ims.vinastar.info\/\",\"name\":\"Website xu\u00e1t kh\u1ea9u lao \u0111\u1ed9ng, d\u1ecbch v\u1ee5\",\"description\":\"thi\u1ebft k\u1ebf Website xu\u00e1t kh\u1ea9u lao \u0111\u1ed9ng, d\u1ecbch v\u1ee5\",\"potentialAction\":[{\"@type\":\"SearchAction\",\"target\":{\"@type\":\"EntryPoint\",\"urlTemplate\":\"https:\/\/ims.vinastar.info\/?s={search_term_string}\"},\"query-input\":\"required name=search_term_string\"}],\"inLanguage\":\"vi\"}]}<\/script>\n<!-- \/ Yoast SEO plugin. -->","yoast_head_json":{"title":"Website xu\u00e1t kh\u1ea9u lao \u0111\u1ed9ng, d\u1ecbch v\u1ee5","robots":{"index":"index","follow":"follow","max-snippet":"max-snippet:-1","max-image-preview":"max-image-preview:large","max-video-preview":"max-video-preview:-1"},"canonical":"https:\/\/ims.vinastar.info\/?page_id=4817","og_locale":"vi_VN","og_type":"article","og_title":"Website xu\u00e1t kh\u1ea9u lao \u0111\u1ed9ng, d\u1ecbch v\u1ee5","og_description":"K\u00ednh g\u1eedi: Qu\u00fd c\u1ed5 \u0111\u00f4ng C\u00f4ng ty C\u00f4ng ty C\u1ed5 ph\u1ea7n Xu\u1ea5t nh\u1eadp kh\u1ea9u Chuy\u00ean gia Lao \u0111\u1ed9ng v\u00e0 K\u1ef9 thu\u1eadt (IMS) D\u01b0\u1edbi \u0111\u00e2y l\u00e0 th\u00f4ng tin ph\u1ee5c v\u1ee5 c\u00e1c k\u1ef3 \u0111\u1ea1i h\u1ed9i c\u1ed5 \u0111\u00f4ng h\u00e0ng n\u0103m c\u1ee7a C\u00f4ng ty 1. C\u00f4ng ty C\u1ed5 ph\u1ea7n Xu\u1ea5t nh\u1eadp kh\u1ea9u Chuy\u00ean gia Lao \u0111\u1ed9ng v\u00e0 K\u1ef9 thu\u1eadt...","og_url":"https:\/\/ims.vinastar.info\/?page_id=4817","og_site_name":"Website xu\u00e1t kh\u1ea9u lao \u0111\u1ed9ng, d\u1ecbch v\u1ee5","twitter_card":"summary_large_image","twitter_misc":{"\u01af\u1edbc t\u00ednh th\u1eddi gian \u0111\u1ecdc":"3 ph\u00fat"},"schema":{"@context":"https:\/\/schema.org","@graph":[{"@type":"WebPage","@id":"https:\/\/ims.vinastar.info\/?page_id=4817","url":"https:\/\/ims.vinastar.info\/?page_id=4817","name":"Website xu\u00e1t kh\u1ea9u lao \u0111\u1ed9ng, d\u1ecbch v\u1ee5","isPartOf":{"@id":"https:\/\/ims.vinastar.info\/#website"},"datePublished":"2023-10-18T07:34:39+00:00","dateModified":"2023-10-18T07:34:39+00:00","breadcrumb":{"@id":"https:\/\/ims.vinastar.info\/?page_id=4817#breadcrumb"},"inLanguage":"vi","potentialAction":[{"@type":"ReadAction","target":["https:\/\/ims.vinastar.info\/?page_id=4817"]}]},{"@type":"BreadcrumbList","@id":"https:\/\/ims.vinastar.info\/?page_id=4817#breadcrumb","itemListElement":[{"@type":"ListItem","position":1,"name":"Trang ch\u1ee7","item":"https:\/\/ims.vinastar.info\/"},{"@type":"ListItem","position":2,"name":"Quan h\u1ec7 c\u1ed5 \u0111\u00f4ng"}]},{"@type":"WebSite","@id":"https:\/\/ims.vinastar.info\/#website","url":"https:\/\/ims.vinastar.info\/","name":"Website xu\u00e1t kh\u1ea9u lao \u0111\u1ed9ng, d\u1ecbch v\u1ee5","description":"thi\u1ebft k\u1ebf Website xu\u00e1t kh\u1ea9u lao \u0111\u1ed9ng, d\u1ecbch v\u1ee5","potentialAction":[{"@type":"SearchAction","target":{"@type":"EntryPoint","urlTemplate":"https:\/\/ims.vinastar.info\/?s={search_term_string}"},"query-input":"required name=search_term_string"}],"inLanguage":"vi"}]}},"_links":{"self":[{"href":"https:\/\/ims.vinastar.info\/index.php?rest_route=\/wp\/v2\/pages\/4817"}],"collection":[{"href":"https:\/\/ims.vinastar.info\/index.php?rest_route=\/wp\/v2\/pages"}],"about":[{"href":"https:\/\/ims.vinastar.info\/index.php?rest_route=\/wp\/v2\/types\/page"}],"author":[{"embeddable":true,"href":"https:\/\/ims.vinastar.info\/index.php?rest_route=\/wp\/v2\/users\/1"}],"replies":[{"embeddable":true,"href":"https:\/\/ims.vinastar.info\/index.php?rest_route=%2Fwp%2Fv2%2Fcomments&post=4817"}],"version-history":[{"count":1,"href":"https:\/\/ims.vinastar.info\/index.php?rest_route=\/wp\/v2\/pages\/4817\/revisions"}],"predecessor-version":[{"id":4818,"href":"https:\/\/ims.vinastar.info\/index.php?rest_route=\/wp\/v2\/pages\/4817\/revisions\/4818"}],"wp:attachment":[{"href":"https:\/\/ims.vinastar.info\/index.php?rest_route=%2Fwp%2Fv2%2Fmedia&parent=4817"}],"curies":[{"name":"wp","href":"https:\/\/api.w.org\/{rel}","templated":true}]}}