{"id":4823,"date":"2023-10-18T07:40:54","date_gmt":"2023-10-18T07:40:54","guid":{"rendered":"https:\/\/luan.webrt.net\/imsjsc\/?page_id=4823"},"modified":"2023-10-18T07:40:54","modified_gmt":"2023-10-18T07:40:54","slug":"thong-diep-hoi-dong-quan-tri","status":"publish","type":"page","link":"https:\/\/ims.vinastar.info\/?page_id=4823","title":{"rendered":"Th\u00f4ng \u0111i\u1ec7p h\u1ed9i \u0111\u1ed3ng qu\u1ea3n tr\u1ecb"},"content":{"rendered":"<p><img loading=\"lazy\" decoding=\"async\" class=\"size-full wp-image-4824 aligncenter\" src=\"https:\/\/luan.webrt.net\/imsjsc\/wp-content\/uploads\/2023\/10\/small.jpg\" alt=\"\" width=\"614\" height=\"346\" \/><br \/>\n<img loading=\"lazy\" decoding=\"async\" class=\"size-full wp-image-4820 aligncenter\" src=\"https:\/\/luan.webrt.net\/imsjsc\/wp-content\/uploads\/2023\/10\/Thu-ngo-CT-HDQT.jpg\" alt=\"\" width=\"822\" height=\"843\" srcset=\"https:\/\/ims.vinastar.info\/wp-content\/uploads\/2023\/10\/Thu-ngo-CT-HDQT.jpg 822w, https:\/\/ims.vinastar.info\/wp-content\/uploads\/2023\/10\/Thu-ngo-CT-HDQT-390x400.jpg 390w, https:\/\/ims.vinastar.info\/wp-content\/uploads\/2023\/10\/Thu-ngo-CT-HDQT-780x800.jpg 780w, https:\/\/ims.vinastar.info\/wp-content\/uploads\/2023\/10\/Thu-ngo-CT-HDQT-768x788.jpg 768w\" sizes=\"(max-width: 822px) 100vw, 822px\" \/><\/p>\n<p><em><strong>T\u1ea6M NH\u00ccN<\/strong><\/em><\/p>\n<p>V\u1edbi l\u1ee3i th\u1ebf ti\u00ean phong c\u00f9ng chi\u1ebfn l\u01b0\u1ee3c ph\u00e1t tri\u1ec3n b\u1ec1n v\u1eefng, IMS ph\u1ea5n \u0111\u1ea5u:<\/p>\n<p>\u21d2 Tr\u1edf th\u00e0nh Doanh nghi\u1ec7p xu\u1ea5t kh\u1ea9u lao \u0111\u1ed9ng v\u00e0 xu\u1ea5t nh\u1eadp kh\u1ea9u h\u00e0ng ho\u00e1 h\u00e0ng \u0111\u1ea7u Vi\u1ec7t Nam.<\/p>\n<p>\u21d2 L\u00e0 c\u1ea7u n\u1ed1i v\u1ec1 ngu\u1ed3n nh\u00e2n l\u1ef1c gi\u1eefa Vi\u1ec7t Nam v\u00e0 c\u00e1c n\u01b0\u1edbc tr\u00ean th\u1ebf gi\u1edbi.<\/p>\n<p>\u21d2 L\u00e0 n\u01a1i \u0111\u00e0o t\u1ea1o v\u00e0 \u0111\u1ecbnh h\u01b0\u1edbng ngh\u1ec1 nghi\u1ec7p cho th\u1ebf h\u1ec7 tr\u1ebb Vi\u1ec7t Nam.<\/p>\n<p><em><strong>S\u1ee8 M\u1ec6NH<\/strong><\/em><\/p>\n<p>Ho\u1ea1t \u0111\u1ed9ng ch\u00ednh trong l\u0129nh v\u1ef1c \u0111\u00e0o t\u1ea1o, ph\u00e1t tri\u1ec3n ngu\u1ed3n nh\u00e2n l\u1ef1c v\u00e0 xu\u1ea5t kh\u1ea9u lao \u0111\u1ed9ng, IMS s\u1ebd l\u00e0 n\u01a1i gi\u00fap c\u00e1c b\u1ea1n tr\u1ebb l\u0129nh h\u1ed9i ki\u1ebfn th\u1ee9c \u01b0u vi\u1ec7t, ti\u1ebfp c\u1eadn \u0111\u01b0\u1ee3c v\u1edbi c\u00f4ng ngh\u1ec7, k\u1ef9 thu\u1eadt ti\u00ean ti\u1ebfn c\u1ee7a c\u00e1c n\u01b0\u1edbc ph\u00e1t tri\u1ec3n, t\u1ea1o n\u1ec1n t\u1ea3ng v\u1eefng ch\u1eafc tr\u00ean con \u0111\u01b0\u1eddng ph\u00e1t tri\u1ec3n s\u1ef1 nghi\u1ec7p.<\/p>\n<p>\u0110em ni\u1ec1m tin v\u00e0 s\u1ef1 h\u00e0i l\u00f2ng cho c\u00e1c \u0111\u1ed1i t\u00e1c, doanh nghi\u1ec7p trong v\u00e0 ngo\u00e0i n\u01b0\u1edbc<\/p>\n<p>G\u00f3p ph\u1ea7n t\u1ea1o n\u00ean t\u01b0\u01a1ng lai t\u01b0\u01a1i s\u00e1ng cho ng\u01b0\u1eddi lao \u0111\u1ed9ng l\u00e0m vi\u1ec7c \u1edf n\u01b0\u1edbc ngo\u00e0i n\u00f3i ri\u00eang v\u00e0 th\u1ebf h\u1ec7 tr\u1ebb Vi\u1ec7t Nam n\u00f3i chung.<\/p>\n<p>Lu\u00f4n n\u1ed7 l\u1ef1c ph\u1ea5n \u0111\u1ea5u kh\u00f4ng ng\u1eebng v\u00ec s\u1ef1 ph\u00e1t tri\u1ec3n c\u1ee7a C\u00f4ng ty, t\u1ea1o m\u00f4i tr\u01b0\u1eddng l\u00e0m vi\u1ec7c n\u0103ng \u0111\u1ed9ng, chuy\u00ean nghi\u1ec7p, n\u00e2ng cao ch\u1ea5t l\u01b0\u1ee3ng cu\u1ed9c s\u1ed1ng v\u00e0 ph\u00e1t tri\u1ec3n ngh\u1ec1 nghi\u1ec7p cho lao \u0111\u1ed9ng, h\u00e0i ho\u00e0 l\u1ee3i \u00edch cho c\u1ed5 \u0111\u00f4ng v\u00e0 c\u1ed9ng \u0111\u1ed3ng.<\/p>\n<p><em><strong>GI\u00c1 TR\u1eca C\u1ed0T L\u00d5I<\/strong><\/em><\/p>\n<p><strong>TIN C\u1eacY<\/strong>: IMS x\u00e1c \u0111\u1ecbnh Trung th\u1ef1c \u2013 Tr\u00e1ch nhi\u1ec7m \u2013 Minh b\u1ea1ch \u0111\u01b0\u1ee3c \u0111\u1eb7t l\u00ean h\u00e0ng \u0111\u1ea7u nh\u1eb1m \u0111em l\u1ea1i s\u1ef1 tin c\u1eady cho kh\u00e1ch h\u00e0ng v\u00e0 \u0111\u1ed1i t\u00e1c, t\u1eeb \u0111\u00f3 t\u1ea1o d\u1ef1ng th\u01b0\u01a1ng hi\u1ec7u, uy t\u00edn cho ch\u00ednh m\u00ecnh.<br \/>\n<strong>T\u1eacN T\u00c2M<\/strong>: IMS lu\u00f4n t\u1eadn t\u00e2m trong \u0111\u00e0o t\u1ea1o h\u1ecdc vi\u00ean, t\u1eadn t\u00ecnh trong vi\u1ec7c h\u01b0\u1edbng d\u1eabn v\u00e0 \u0111\u1ecbnh h\u01b0\u1edbng ngh\u1ec1 nghi\u1ec7p cho ng\u01b0\u1eddi lao \u0111\u1ed9ng.<br \/>\n<strong>CHUY\u00caN NGHI\u1ec6P<\/strong>: IMS tri\u1ec3n khai c\u00f4ng vi\u1ec7c v\u00e0 giao ti\u1ebfp, \u1ee9ng x\u1eed v\u1edbi kh\u00e1ch h\u00e0ng nghi\u00eam t\u00fac, nhanh ch\u00f3ng v\u00e0 \u0111\u00fang quy tr\u00ecnh c\u00f4ng vi\u1ec7c.<br \/>\n<strong>CH\u1ea4T L\u01af\u1ee2NG<\/strong>: IMS lu\u00f4n l\u1ea5y hi\u1ec7u qu\u1ea3 c\u00f4ng vi\u1ec7c l\u00e0m th\u01b0\u1edbc \u0111o v\u1edbi mong mu\u1ed1n \u0111em \u0111\u1ebfn cho kh\u00e1ch h\u00e0ng s\u1ea3n ph\u1ea9m, d\u1ecbch v\u1ee5 ch\u1ea5t l\u01b0\u1ee3ng t\u1ed1t nh\u1ea5t.<br \/>\n<strong>C\u00d9NG PH\u00c1T TRI\u1ec2N<\/strong>: IMS x\u00e1c \u0111\u1ecbnh s\u1ef1 ph\u00e1t tri\u1ec3n c\u1ee7a IMS song h\u00e0nh c\u00f9ng v\u1edbi s\u1ef1 ph\u00e1t tri\u1ec3n ngh\u1ec1 nghi\u1ec7p c\u1ee7a CBNV IMS, s\u1ef1 th\u00e0nh \u0111\u1ea1t c\u1ee7a ng\u01b0\u1eddi lao \u0111\u1ed9ng v\u00e0 s\u1ef1 th\u00e0nh c\u00f4ng c\u1ee7a \u0111\u1ed1i t\u00e1c.<\/p>\n","protected":false},"excerpt":{"rendered":"<p>T\u1ea6M NH\u00ccN V\u1edbi l\u1ee3i th\u1ebf ti\u00ean phong c\u00f9ng chi\u1ebfn l\u01b0\u1ee3c ph\u00e1t tri\u1ec3n b\u1ec1n v\u1eefng, IMS ph\u1ea5n \u0111\u1ea5u: \u21d2 Tr\u1edf th\u00e0nh Doanh nghi\u1ec7p xu\u1ea5t kh\u1ea9u lao \u0111\u1ed9ng v\u00e0 xu\u1ea5t nh\u1eadp kh\u1ea9u h\u00e0ng ho\u00e1 h\u00e0ng \u0111\u1ea7u Vi\u1ec7t Nam. \u21d2 L\u00e0 c\u1ea7u n\u1ed1i v\u1ec1 ngu\u1ed3n nh\u00e2n l\u1ef1c gi\u1eefa Vi\u1ec7t Nam v\u00e0 c\u00e1c n\u01b0\u1edbc tr\u00ean th\u1ebf gi\u1edbi. \u21d2 L\u00e0&#8230;<\/p>\n","protected":false},"author":1,"featured_media":0,"parent":2032,"menu_order":0,"comment_status":"closed","ping_status":"closed","template":"","meta":{"inline_featured_image":false,"footnotes":""},"yoast_head":"<!-- This site is optimized with the Yoast SEO plugin v21.2 - https:\/\/yoast.com\/wordpress\/plugins\/seo\/ -->\n<title>Website xu\u00e1t kh\u1ea9u lao \u0111\u1ed9ng, d\u1ecbch v\u1ee5<\/title>\n<meta name=\"robots\" content=\"index, follow, max-snippet:-1, max-image-preview:large, max-video-preview:-1\" \/>\n<link rel=\"canonical\" href=\"https:\/\/ims.vinastar.info\/?page_id=4823\" \/>\n<meta property=\"og:locale\" content=\"vi_VN\" \/>\n<meta property=\"og:type\" content=\"article\" \/>\n<meta property=\"og:title\" content=\"Website xu\u00e1t kh\u1ea9u lao \u0111\u1ed9ng, d\u1ecbch v\u1ee5\" \/>\n<meta property=\"og:description\" content=\"T\u1ea6M NH\u00ccN V\u1edbi l\u1ee3i th\u1ebf ti\u00ean phong c\u00f9ng chi\u1ebfn l\u01b0\u1ee3c ph\u00e1t tri\u1ec3n b\u1ec1n v\u1eefng, IMS ph\u1ea5n \u0111\u1ea5u: \u21d2 Tr\u1edf th\u00e0nh Doanh nghi\u1ec7p xu\u1ea5t kh\u1ea9u lao \u0111\u1ed9ng v\u00e0 xu\u1ea5t nh\u1eadp kh\u1ea9u h\u00e0ng ho\u00e1 h\u00e0ng \u0111\u1ea7u Vi\u1ec7t Nam. \u21d2 L\u00e0 c\u1ea7u n\u1ed1i v\u1ec1 ngu\u1ed3n nh\u00e2n l\u1ef1c gi\u1eefa Vi\u1ec7t Nam v\u00e0 c\u00e1c n\u01b0\u1edbc tr\u00ean th\u1ebf gi\u1edbi. \u21d2 L\u00e0...\" \/>\n<meta property=\"og:url\" content=\"https:\/\/ims.vinastar.info\/?page_id=4823\" \/>\n<meta property=\"og:site_name\" content=\"Website xu\u00e1t kh\u1ea9u lao \u0111\u1ed9ng, d\u1ecbch v\u1ee5\" \/>\n<meta property=\"og:image\" content=\"https:\/\/luan.webrt.net\/imsjsc\/wp-content\/uploads\/2023\/10\/small.jpg\" \/>\n<meta name=\"twitter:card\" content=\"summary_large_image\" \/>\n<meta name=\"twitter:label1\" content=\"\u01af\u1edbc t\u00ednh th\u1eddi gian \u0111\u1ecdc\" \/>\n\t<meta name=\"twitter:data1\" content=\"3 ph\u00fat\" \/>\n<script type=\"application\/ld+json\" class=\"yoast-schema-graph\">{\"@context\":\"https:\/\/schema.org\",\"@graph\":[{\"@type\":\"WebPage\",\"@id\":\"https:\/\/ims.vinastar.info\/?page_id=4823\",\"url\":\"https:\/\/ims.vinastar.info\/?page_id=4823\",\"name\":\"Website xu\u00e1t kh\u1ea9u lao \u0111\u1ed9ng, d\u1ecbch v\u1ee5\",\"isPartOf\":{\"@id\":\"https:\/\/ims.vinastar.info\/#website\"},\"datePublished\":\"2023-10-18T07:40:54+00:00\",\"dateModified\":\"2023-10-18T07:40:54+00:00\",\"breadcrumb\":{\"@id\":\"https:\/\/ims.vinastar.info\/?page_id=4823#breadcrumb\"},\"inLanguage\":\"vi\",\"potentialAction\":[{\"@type\":\"ReadAction\",\"target\":[\"https:\/\/ims.vinastar.info\/?page_id=4823\"]}]},{\"@type\":\"BreadcrumbList\",\"@id\":\"https:\/\/ims.vinastar.info\/?page_id=4823#breadcrumb\",\"itemListElement\":[{\"@type\":\"ListItem\",\"position\":1,\"name\":\"Trang ch\u1ee7\",\"item\":\"https:\/\/ims.vinastar.info\/\"},{\"@type\":\"ListItem\",\"position\":2,\"name\":\"Gi\u1edbi thi\u1ec7u\",\"item\":\"https:\/\/ims.vinastar.info\/?page_id=2032\"},{\"@type\":\"ListItem\",\"position\":3,\"name\":\"Th\u00f4ng \u0111i\u1ec7p h\u1ed9i \u0111\u1ed3ng qu\u1ea3n tr\u1ecb\"}]},{\"@type\":\"WebSite\",\"@id\":\"https:\/\/ims.vinastar.info\/#website\",\"url\":\"https:\/\/ims.vinastar.info\/\",\"name\":\"Website xu\u00e1t kh\u1ea9u lao \u0111\u1ed9ng, d\u1ecbch v\u1ee5\",\"description\":\"thi\u1ebft k\u1ebf Website xu\u00e1t kh\u1ea9u lao \u0111\u1ed9ng, d\u1ecbch v\u1ee5\",\"potentialAction\":[{\"@type\":\"SearchAction\",\"target\":{\"@type\":\"EntryPoint\",\"urlTemplate\":\"https:\/\/ims.vinastar.info\/?s={search_term_string}\"},\"query-input\":\"required name=search_term_string\"}],\"inLanguage\":\"vi\"}]}<\/script>\n<!-- \/ Yoast SEO plugin. -->","yoast_head_json":{"title":"Website xu\u00e1t kh\u1ea9u lao \u0111\u1ed9ng, d\u1ecbch v\u1ee5","robots":{"index":"index","follow":"follow","max-snippet":"max-snippet:-1","max-image-preview":"max-image-preview:large","max-video-preview":"max-video-preview:-1"},"canonical":"https:\/\/ims.vinastar.info\/?page_id=4823","og_locale":"vi_VN","og_type":"article","og_title":"Website xu\u00e1t kh\u1ea9u lao \u0111\u1ed9ng, d\u1ecbch v\u1ee5","og_description":"T\u1ea6M NH\u00ccN V\u1edbi l\u1ee3i th\u1ebf ti\u00ean phong c\u00f9ng chi\u1ebfn l\u01b0\u1ee3c ph\u00e1t tri\u1ec3n b\u1ec1n v\u1eefng, IMS ph\u1ea5n \u0111\u1ea5u: \u21d2 Tr\u1edf th\u00e0nh Doanh nghi\u1ec7p xu\u1ea5t kh\u1ea9u lao \u0111\u1ed9ng v\u00e0 xu\u1ea5t nh\u1eadp kh\u1ea9u h\u00e0ng ho\u00e1 h\u00e0ng \u0111\u1ea7u Vi\u1ec7t Nam. \u21d2 L\u00e0 c\u1ea7u n\u1ed1i v\u1ec1 ngu\u1ed3n nh\u00e2n l\u1ef1c gi\u1eefa Vi\u1ec7t Nam v\u00e0 c\u00e1c n\u01b0\u1edbc tr\u00ean th\u1ebf gi\u1edbi. \u21d2 L\u00e0...","og_url":"https:\/\/ims.vinastar.info\/?page_id=4823","og_site_name":"Website xu\u00e1t kh\u1ea9u lao \u0111\u1ed9ng, d\u1ecbch v\u1ee5","og_image":[{"url":"https:\/\/luan.webrt.net\/imsjsc\/wp-content\/uploads\/2023\/10\/small.jpg"}],"twitter_card":"summary_large_image","twitter_misc":{"\u01af\u1edbc t\u00ednh th\u1eddi gian \u0111\u1ecdc":"3 ph\u00fat"},"schema":{"@context":"https:\/\/schema.org","@graph":[{"@type":"WebPage","@id":"https:\/\/ims.vinastar.info\/?page_id=4823","url":"https:\/\/ims.vinastar.info\/?page_id=4823","name":"Website xu\u00e1t kh\u1ea9u lao \u0111\u1ed9ng, d\u1ecbch v\u1ee5","isPartOf":{"@id":"https:\/\/ims.vinastar.info\/#website"},"datePublished":"2023-10-18T07:40:54+00:00","dateModified":"2023-10-18T07:40:54+00:00","breadcrumb":{"@id":"https:\/\/ims.vinastar.info\/?page_id=4823#breadcrumb"},"inLanguage":"vi","potentialAction":[{"@type":"ReadAction","target":["https:\/\/ims.vinastar.info\/?page_id=4823"]}]},{"@type":"BreadcrumbList","@id":"https:\/\/ims.vinastar.info\/?page_id=4823#breadcrumb","itemListElement":[{"@type":"ListItem","position":1,"name":"Trang ch\u1ee7","item":"https:\/\/ims.vinastar.info\/"},{"@type":"ListItem","position":2,"name":"Gi\u1edbi thi\u1ec7u","item":"https:\/\/ims.vinastar.info\/?page_id=2032"},{"@type":"ListItem","position":3,"name":"Th\u00f4ng \u0111i\u1ec7p h\u1ed9i \u0111\u1ed3ng qu\u1ea3n tr\u1ecb"}]},{"@type":"WebSite","@id":"https:\/\/ims.vinastar.info\/#website","url":"https:\/\/ims.vinastar.info\/","name":"Website xu\u00e1t kh\u1ea9u lao \u0111\u1ed9ng, d\u1ecbch v\u1ee5","description":"thi\u1ebft k\u1ebf Website xu\u00e1t kh\u1ea9u lao \u0111\u1ed9ng, d\u1ecbch v\u1ee5","potentialAction":[{"@type":"SearchAction","target":{"@type":"EntryPoint","urlTemplate":"https:\/\/ims.vinastar.info\/?s={search_term_string}"},"query-input":"required name=search_term_string"}],"inLanguage":"vi"}]}},"_links":{"self":[{"href":"https:\/\/ims.vinastar.info\/index.php?rest_route=\/wp\/v2\/pages\/4823"}],"collection":[{"href":"https:\/\/ims.vinastar.info\/index.php?rest_route=\/wp\/v2\/pages"}],"about":[{"href":"https:\/\/ims.vinastar.info\/index.php?rest_route=\/wp\/v2\/types\/page"}],"author":[{"embeddable":true,"href":"https:\/\/ims.vinastar.info\/index.php?rest_route=\/wp\/v2\/users\/1"}],"replies":[{"embeddable":true,"href":"https:\/\/ims.vinastar.info\/index.php?rest_route=%2Fwp%2Fv2%2Fcomments&post=4823"}],"version-history":[{"count":1,"href":"https:\/\/ims.vinastar.info\/index.php?rest_route=\/wp\/v2\/pages\/4823\/revisions"}],"predecessor-version":[{"id":4825,"href":"https:\/\/ims.vinastar.info\/index.php?rest_route=\/wp\/v2\/pages\/4823\/revisions\/4825"}],"up":[{"embeddable":true,"href":"https:\/\/ims.vinastar.info\/index.php?rest_route=\/wp\/v2\/pages\/2032"}],"wp:attachment":[{"href":"https:\/\/ims.vinastar.info\/index.php?rest_route=%2Fwp%2Fv2%2Fmedia&parent=4823"}],"curies":[{"name":"wp","href":"https:\/\/api.w.org\/{rel}","templated":true}]}}