{"id":4848,"date":"2023-10-18T07:57:52","date_gmt":"2023-10-18T07:57:52","guid":{"rendered":"https:\/\/luan.webrt.net\/imsjsc\/?page_id=4848"},"modified":"2023-10-18T07:57:52","modified_gmt":"2023-10-18T07:57:52","slug":"nang-luc-phap-ly","status":"publish","type":"page","link":"https:\/\/ims.vinastar.info\/?page_id=4848","title":{"rendered":"N\u0103ng l\u1ef1c ph\u00e1p l\u00fd"},"content":{"rendered":"<ol>\n<li>Gi\u1ea5y ch\u1ee9ng nh\u1eadn \u0111\u0103ng k\u00fd doanh nghi\u1ec7p<\/li>\n<li>Gi\u1ea5y ch\u1ee9ng nh\u1eadn \u0111\u0103ng k\u00fd thu\u1ebf<\/li>\n<li>Gi\u1ea5y ch\u1ee9ng nh\u1eadn \u0111\u0103ng k\u00fd ho\u1ea1t \u0111\u1ed9ng chi nh\u00e1nh<\/li>\n<li>Gi\u1ea5y ph\u00e9p ho\u1ea1t \u0111\u1ed9ng d\u1ecbch v\u1ee5 \u0111\u01b0a ng\u01b0\u1eddi lao \u0111\u1ed9ng \u0111i l\u00e0m vi\u1ec7c \u1edf n\u01b0\u1edbc ngo\u00e0i s\u1ed1 1183\/L\u0110TBXH-GP, c\u1ea5p \u0111\u1ed5i ng\u00e0y 28 th\u00e1ng 10 n\u0103m 2021<\/li>\n<li>Quy\u1ebft \u0111\u1ecbnh th\u00e0nh l\u1eadp chi nh\u00e1nh Tp. H\u1ed3 Ch\u00ed Minh<\/li>\n<li>Quy\u1ebft \u0111\u1ecbnh giao nhi\u1ec7m v\u1ee5 XKL\u0110 cho Chi nh\u00e1nh<\/li>\n<li>Gi\u1ea5y ch\u1ee9ng nh\u1eadn ho\u1ea1t \u0111\u1ed9ng \u0111\u00e0o t\u1ea1o, b\u1ed3i d\u01b0\u1ee1ng: Trung t\u00e2m ngo\u1ea1i ng\u1eef IMS<\/li>\n<li>Gi\u1ea5y ch\u1ee9ng nh\u1eadn kinh doanh d\u1ecbch v\u1ee5 t\u01b0 v\u1ea5n du h\u1ecdc<\/li>\n<\/ol>\n<p><img loading=\"lazy\" decoding=\"async\" class=\"size-full wp-image-4849 aligncenter\" src=\"https:\/\/luan.webrt.net\/imsjsc\/wp-content\/uploads\/2023\/10\/Giay-chung-nhan-dang-ky-doanh-nghiep.jpg\" alt=\"\" width=\"521\" height=\"755\" srcset=\"https:\/\/ims.vinastar.info\/wp-content\/uploads\/2023\/10\/Giay-chung-nhan-dang-ky-doanh-nghiep.jpg 521w, https:\/\/ims.vinastar.info\/wp-content\/uploads\/2023\/10\/Giay-chung-nhan-dang-ky-doanh-nghiep-276x400.jpg 276w\" sizes=\"(max-width: 521px) 100vw, 521px\" \/><\/p>\n","protected":false},"excerpt":{"rendered":"<p>Gi\u1ea5y ch\u1ee9ng nh\u1eadn \u0111\u0103ng k\u00fd doanh nghi\u1ec7p Gi\u1ea5y ch\u1ee9ng nh\u1eadn \u0111\u0103ng k\u00fd thu\u1ebf Gi\u1ea5y ch\u1ee9ng nh\u1eadn \u0111\u0103ng k\u00fd ho\u1ea1t \u0111\u1ed9ng chi nh\u00e1nh Gi\u1ea5y ph\u00e9p ho\u1ea1t \u0111\u1ed9ng d\u1ecbch v\u1ee5 \u0111\u01b0a ng\u01b0\u1eddi lao \u0111\u1ed9ng \u0111i l\u00e0m vi\u1ec7c \u1edf n\u01b0\u1edbc ngo\u00e0i s\u1ed1 1183\/L\u0110TBXH-GP, c\u1ea5p \u0111\u1ed5i ng\u00e0y 28 th\u00e1ng 10 n\u0103m 2021 Quy\u1ebft \u0111\u1ecbnh th\u00e0nh l\u1eadp chi nh\u00e1nh Tp&#8230;.<\/p>\n","protected":false},"author":1,"featured_media":0,"parent":2032,"menu_order":0,"comment_status":"closed","ping_status":"closed","template":"","meta":{"inline_featured_image":false,"footnotes":""},"yoast_head":"<!-- This site is optimized with the Yoast SEO plugin v21.2 - https:\/\/yoast.com\/wordpress\/plugins\/seo\/ -->\n<title>Website xu\u00e1t kh\u1ea9u lao \u0111\u1ed9ng, d\u1ecbch v\u1ee5<\/title>\n<meta name=\"robots\" content=\"index, follow, max-snippet:-1, max-image-preview:large, max-video-preview:-1\" \/>\n<link rel=\"canonical\" href=\"https:\/\/ims.vinastar.info\/?page_id=4848\" \/>\n<meta property=\"og:locale\" content=\"vi_VN\" \/>\n<meta property=\"og:type\" content=\"article\" \/>\n<meta property=\"og:title\" content=\"Website xu\u00e1t kh\u1ea9u lao \u0111\u1ed9ng, d\u1ecbch v\u1ee5\" \/>\n<meta property=\"og:description\" content=\"Gi\u1ea5y ch\u1ee9ng nh\u1eadn \u0111\u0103ng k\u00fd doanh nghi\u1ec7p Gi\u1ea5y ch\u1ee9ng nh\u1eadn \u0111\u0103ng k\u00fd thu\u1ebf Gi\u1ea5y ch\u1ee9ng nh\u1eadn \u0111\u0103ng k\u00fd ho\u1ea1t \u0111\u1ed9ng chi nh\u00e1nh Gi\u1ea5y ph\u00e9p ho\u1ea1t \u0111\u1ed9ng d\u1ecbch v\u1ee5 \u0111\u01b0a ng\u01b0\u1eddi lao \u0111\u1ed9ng \u0111i l\u00e0m vi\u1ec7c \u1edf n\u01b0\u1edbc ngo\u00e0i s\u1ed1 1183\/L\u0110TBXH-GP, c\u1ea5p \u0111\u1ed5i ng\u00e0y 28 th\u00e1ng 10 n\u0103m 2021 Quy\u1ebft \u0111\u1ecbnh th\u00e0nh l\u1eadp chi nh\u00e1nh Tp....\" \/>\n<meta property=\"og:url\" content=\"https:\/\/ims.vinastar.info\/?page_id=4848\" \/>\n<meta property=\"og:site_name\" content=\"Website xu\u00e1t kh\u1ea9u lao \u0111\u1ed9ng, d\u1ecbch v\u1ee5\" \/>\n<meta property=\"og:image\" content=\"https:\/\/luan.webrt.net\/imsjsc\/wp-content\/uploads\/2023\/10\/Giay-chung-nhan-dang-ky-doanh-nghiep.jpg\" \/>\n<meta name=\"twitter:card\" content=\"summary_large_image\" \/>\n<meta name=\"twitter:label1\" content=\"\u01af\u1edbc t\u00ednh th\u1eddi gian \u0111\u1ecdc\" \/>\n\t<meta name=\"twitter:data1\" content=\"1 ph\u00fat\" \/>\n<script type=\"application\/ld+json\" class=\"yoast-schema-graph\">{\"@context\":\"https:\/\/schema.org\",\"@graph\":[{\"@type\":\"WebPage\",\"@id\":\"https:\/\/ims.vinastar.info\/?page_id=4848\",\"url\":\"https:\/\/ims.vinastar.info\/?page_id=4848\",\"name\":\"Website xu\u00e1t kh\u1ea9u lao \u0111\u1ed9ng, d\u1ecbch v\u1ee5\",\"isPartOf\":{\"@id\":\"https:\/\/ims.vinastar.info\/#website\"},\"datePublished\":\"2023-10-18T07:57:52+00:00\",\"dateModified\":\"2023-10-18T07:57:52+00:00\",\"breadcrumb\":{\"@id\":\"https:\/\/ims.vinastar.info\/?page_id=4848#breadcrumb\"},\"inLanguage\":\"vi\",\"potentialAction\":[{\"@type\":\"ReadAction\",\"target\":[\"https:\/\/ims.vinastar.info\/?page_id=4848\"]}]},{\"@type\":\"BreadcrumbList\",\"@id\":\"https:\/\/ims.vinastar.info\/?page_id=4848#breadcrumb\",\"itemListElement\":[{\"@type\":\"ListItem\",\"position\":1,\"name\":\"Trang ch\u1ee7\",\"item\":\"https:\/\/ims.vinastar.info\/\"},{\"@type\":\"ListItem\",\"position\":2,\"name\":\"Gi\u1edbi thi\u1ec7u\",\"item\":\"https:\/\/ims.vinastar.info\/?page_id=2032\"},{\"@type\":\"ListItem\",\"position\":3,\"name\":\"N\u0103ng l\u1ef1c ph\u00e1p l\u00fd\"}]},{\"@type\":\"WebSite\",\"@id\":\"https:\/\/ims.vinastar.info\/#website\",\"url\":\"https:\/\/ims.vinastar.info\/\",\"name\":\"Website xu\u00e1t kh\u1ea9u lao \u0111\u1ed9ng, d\u1ecbch v\u1ee5\",\"description\":\"thi\u1ebft k\u1ebf Website xu\u00e1t kh\u1ea9u lao \u0111\u1ed9ng, d\u1ecbch v\u1ee5\",\"potentialAction\":[{\"@type\":\"SearchAction\",\"target\":{\"@type\":\"EntryPoint\",\"urlTemplate\":\"https:\/\/ims.vinastar.info\/?s={search_term_string}\"},\"query-input\":\"required name=search_term_string\"}],\"inLanguage\":\"vi\"}]}<\/script>\n<!-- \/ Yoast SEO plugin. -->","yoast_head_json":{"title":"Website xu\u00e1t kh\u1ea9u lao \u0111\u1ed9ng, d\u1ecbch v\u1ee5","robots":{"index":"index","follow":"follow","max-snippet":"max-snippet:-1","max-image-preview":"max-image-preview:large","max-video-preview":"max-video-preview:-1"},"canonical":"https:\/\/ims.vinastar.info\/?page_id=4848","og_locale":"vi_VN","og_type":"article","og_title":"Website xu\u00e1t kh\u1ea9u lao \u0111\u1ed9ng, d\u1ecbch v\u1ee5","og_description":"Gi\u1ea5y ch\u1ee9ng nh\u1eadn \u0111\u0103ng k\u00fd doanh nghi\u1ec7p Gi\u1ea5y ch\u1ee9ng nh\u1eadn \u0111\u0103ng k\u00fd thu\u1ebf Gi\u1ea5y ch\u1ee9ng nh\u1eadn \u0111\u0103ng k\u00fd ho\u1ea1t \u0111\u1ed9ng chi nh\u00e1nh Gi\u1ea5y ph\u00e9p ho\u1ea1t \u0111\u1ed9ng d\u1ecbch v\u1ee5 \u0111\u01b0a ng\u01b0\u1eddi lao \u0111\u1ed9ng \u0111i l\u00e0m vi\u1ec7c \u1edf n\u01b0\u1edbc ngo\u00e0i s\u1ed1 1183\/L\u0110TBXH-GP, c\u1ea5p \u0111\u1ed5i ng\u00e0y 28 th\u00e1ng 10 n\u0103m 2021 Quy\u1ebft \u0111\u1ecbnh th\u00e0nh l\u1eadp chi nh\u00e1nh Tp....","og_url":"https:\/\/ims.vinastar.info\/?page_id=4848","og_site_name":"Website xu\u00e1t kh\u1ea9u lao \u0111\u1ed9ng, d\u1ecbch v\u1ee5","og_image":[{"url":"https:\/\/luan.webrt.net\/imsjsc\/wp-content\/uploads\/2023\/10\/Giay-chung-nhan-dang-ky-doanh-nghiep.jpg"}],"twitter_card":"summary_large_image","twitter_misc":{"\u01af\u1edbc t\u00ednh th\u1eddi gian \u0111\u1ecdc":"1 ph\u00fat"},"schema":{"@context":"https:\/\/schema.org","@graph":[{"@type":"WebPage","@id":"https:\/\/ims.vinastar.info\/?page_id=4848","url":"https:\/\/ims.vinastar.info\/?page_id=4848","name":"Website xu\u00e1t kh\u1ea9u lao \u0111\u1ed9ng, d\u1ecbch v\u1ee5","isPartOf":{"@id":"https:\/\/ims.vinastar.info\/#website"},"datePublished":"2023-10-18T07:57:52+00:00","dateModified":"2023-10-18T07:57:52+00:00","breadcrumb":{"@id":"https:\/\/ims.vinastar.info\/?page_id=4848#breadcrumb"},"inLanguage":"vi","potentialAction":[{"@type":"ReadAction","target":["https:\/\/ims.vinastar.info\/?page_id=4848"]}]},{"@type":"BreadcrumbList","@id":"https:\/\/ims.vinastar.info\/?page_id=4848#breadcrumb","itemListElement":[{"@type":"ListItem","position":1,"name":"Trang ch\u1ee7","item":"https:\/\/ims.vinastar.info\/"},{"@type":"ListItem","position":2,"name":"Gi\u1edbi thi\u1ec7u","item":"https:\/\/ims.vinastar.info\/?page_id=2032"},{"@type":"ListItem","position":3,"name":"N\u0103ng l\u1ef1c ph\u00e1p l\u00fd"}]},{"@type":"WebSite","@id":"https:\/\/ims.vinastar.info\/#website","url":"https:\/\/ims.vinastar.info\/","name":"Website xu\u00e1t kh\u1ea9u lao \u0111\u1ed9ng, d\u1ecbch v\u1ee5","description":"thi\u1ebft k\u1ebf Website xu\u00e1t kh\u1ea9u lao \u0111\u1ed9ng, d\u1ecbch v\u1ee5","potentialAction":[{"@type":"SearchAction","target":{"@type":"EntryPoint","urlTemplate":"https:\/\/ims.vinastar.info\/?s={search_term_string}"},"query-input":"required name=search_term_string"}],"inLanguage":"vi"}]}},"_links":{"self":[{"href":"https:\/\/ims.vinastar.info\/index.php?rest_route=\/wp\/v2\/pages\/4848"}],"collection":[{"href":"https:\/\/ims.vinastar.info\/index.php?rest_route=\/wp\/v2\/pages"}],"about":[{"href":"https:\/\/ims.vinastar.info\/index.php?rest_route=\/wp\/v2\/types\/page"}],"author":[{"embeddable":true,"href":"https:\/\/ims.vinastar.info\/index.php?rest_route=\/wp\/v2\/users\/1"}],"replies":[{"embeddable":true,"href":"https:\/\/ims.vinastar.info\/index.php?rest_route=%2Fwp%2Fv2%2Fcomments&post=4848"}],"version-history":[{"count":1,"href":"https:\/\/ims.vinastar.info\/index.php?rest_route=\/wp\/v2\/pages\/4848\/revisions"}],"predecessor-version":[{"id":4850,"href":"https:\/\/ims.vinastar.info\/index.php?rest_route=\/wp\/v2\/pages\/4848\/revisions\/4850"}],"up":[{"embeddable":true,"href":"https:\/\/ims.vinastar.info\/index.php?rest_route=\/wp\/v2\/pages\/2032"}],"wp:attachment":[{"href":"https:\/\/ims.vinastar.info\/index.php?rest_route=%2Fwp%2Fv2%2Fmedia&parent=4848"}],"curies":[{"name":"wp","href":"https:\/\/api.w.org\/{rel}","templated":true}]}}