{"id":510,"date":"2019-03-06T08:02:47","date_gmt":"2019-03-06T08:02:47","guid":{"rendered":"http:\/\/luan.webrt.net\/dhanlighting\/?page_id=510"},"modified":"2023-10-16T09:36:36","modified_gmt":"2023-10-16T09:36:36","slug":"lien-he","status":"publish","type":"page","link":"https:\/\/ims.vinastar.info\/?page_id=510","title":{"rendered":"Li\u00ean h\u1ec7"},"content":{"rendered":"\t<div class=\"img has-hover imgIcon imgIcon-1 x md-x lg-x y md-y lg-y\" id=\"image_863490975\">\n\t\t\t\t\t\t\t\t<div class=\"img-inner dark\" >\n\t\t\t\t\t\t\t\t\t\n\t\t\t\t\t<\/div>\n\t\t\t\t\t\t\t\t\n<style>\n#image_863490975 {\n  width: 100%;\n}\n<\/style>\n\t<\/div>\n\t\n\t<div class=\"img has-hover imgIcon imgIcon-2 hide-for-medium x md-x lg-x y md-y lg-y\" id=\"image_450553861\">\n\t\t\t\t\t\t\t\t<div class=\"img-inner dark\" >\n\t\t\t\t\t\t\t\t\t\n\t\t\t\t\t<\/div>\n\t\t\t\t\t\t\t\t\n<style>\n#image_450553861 {\n  width: 100%;\n}\n<\/style>\n\t<\/div>\n\t\n\t<div class=\"img has-hover imgIcon imgIcon-3 x md-x lg-x y md-y lg-y\" id=\"image_1032018119\">\n\t\t\t\t\t\t\t\t<div class=\"img-inner dark\" >\n\t\t\t\t\t\t\t\t\t\n\t\t\t\t\t<\/div>\n\t\t\t\t\t\t\t\t\n<style>\n#image_1032018119 {\n  width: 100%;\n}\n<\/style>\n\t<\/div>\n\t\n\t<div class=\"img has-hover imgIcon imgIcon-4 hide-for-medium x md-x lg-x y md-y lg-y\" id=\"image_680939152\">\n\t\t\t\t\t\t\t\t<div class=\"img-inner dark\" >\n\t\t\t\t\t\t\t\t\t\n\t\t\t\t\t<\/div>\n\t\t\t\t\t\t\t\t\n<style>\n#image_680939152 {\n  width: 100%;\n}\n<\/style>\n\t<\/div>\n\t\n\t<section class=\"section lh_01\" id=\"section_453239591\">\n\t\t<div class=\"bg section-bg fill bg-fill bg-loaded bg-loaded\" >\n\n\t\t\t\n\t\t\t\n\t\t\t\n\n\t\t<\/div>\n\n\t\t\n\n\t\t<div class=\"section-content relative\">\n\t\t\t\n<div class=\"row row-collapse\"  id=\"row-339632698\">\n\n\t<div id=\"col-1723467291\" class=\"col small-12 large-12\"  >\n\t\t\t\t<div class=\"col-inner text-left\"  >\n\t\t\t\n\t\t\t\n \n    <div class=\"block__element_head\">\n              <h2 class=\"heading\">Th\u00f4ng tin li\u00ean h\u1ec7<\/h2>\n          <\/div>\n\n\t\t<\/div>\n\t\t\t\t\t<\/div>\n\n\t\n<\/div>\n\t\t<\/div>\n\n\t\t\n<style>\n#section_453239591 {\n  padding-top: 30px;\n  padding-bottom: 30px;\n}\n#section_453239591 .ux-shape-divider--top svg {\n  height: 150px;\n  --divider-top-width: 100%;\n}\n#section_453239591 .ux-shape-divider--bottom svg {\n  height: 150px;\n  --divider-width: 100%;\n}\n<\/style>\n\t<\/section>\n\t\n\t<section class=\"section lh_02\" id=\"section_1591698491\">\n\t\t<div class=\"bg section-bg fill bg-fill bg-loaded bg-loaded\" >\n\n\t\t\t\n\t\t\t\n\t\t\t\n\n\t\t<\/div>\n\n\t\t\n\n\t\t<div class=\"section-content relative\">\n\t\t\t\n<div class=\"row row-large\"  id=\"row-1758162510\">\n\n\t<div id=\"col-1708333724\" class=\"col medium-12 small-12 large-6\"  >\n\t\t\t\t<div class=\"col-inner\"  >\n\t\t\t\n\t\t\t\n\t<div id=\"text-2320904589\" class=\"text boxText\">\n\t\t\n<p>Tr\u1ee5 s\u1edf ch\u00ednh: 473 Nguy\u1ec5n Tr\u00e3i, Ph\u01b0\u1eddng Thanh Xu\u00e2n Nam, Qu\u1eadn Thanh Xu\u00e2n, TP H\u00e0 N\u1ed9i<\/p>\n<p>Tel: +84(024) 3854 5465\/66\/67\/68\/69\/70 \u2013 3854 7677<\/p>\n<p>Email: ims@fpt.vn<\/p>\n<p>Website: www.imsjsc.vn<\/p>\n\t\t\n<style>\n#text-2320904589 {\n  color: rgb(34, 34, 34);\n}\n#text-2320904589 > * {\n  color: rgb(34, 34, 34);\n}\n<\/style>\n\t<\/div>\n\t\n<p><iframe src=\"https:\/\/www.google.com\/maps\/embed?pb=!1m18!1m12!1m3!1d3724.953285912839!2d105.78773337603337!3d20.994509588952592!2m3!1f0!2f0!3f0!3m2!1i1024!2i768!4f13.1!3m3!1m2!1s0x3135acb6de956e6b%3A0xa9bcc4c466baebc0!2zOTEgTMawxqFuZyBUaOG6vyBWaW5oLCBUcnVuZyBWxINuLCBU4burIExpw6ptLCBIw6AgTuG7mWksIFZpZXRuYW0!5e0!3m2!1sen!2s!4v1696403500896!5m2!1sen!2s\" width=\"100%\" height=\"200\" style=\"border:0;\" allowfullscreen=\"\" loading=\"lazy\" referrerpolicy=\"no-referrer-when-downgrade\"><\/iframe><\/p>\n\t\t<\/div>\n\t\t\t\t\t<\/div>\n\n\t\n\n\t<div id=\"col-1189657011\" class=\"col medium-12 small-12 large-6\"  >\n\t\t\t\t<div class=\"col-inner\"  >\n\t\t\t\n\t\t\t\n\n<div class=\"wpcf7 no-js\" id=\"wpcf7-f10-o1\" lang=\"en-US\" dir=\"ltr\">\n<div class=\"screen-reader-response\"><p role=\"status\" aria-live=\"polite\" aria-atomic=\"true\"><\/p> <ul><\/ul><\/div>\n<form action=\"\/index.php?rest_route=%2Fwp%2Fv2%2Fpages%2F510#wpcf7-f10-o1\" method=\"post\" class=\"wpcf7-form init\" aria-label=\"Contact form\" novalidate=\"novalidate\" data-status=\"init\">\n<div style=\"display: none;\">\n<input type=\"hidden\" name=\"_wpcf7\" value=\"10\" \/>\n<input type=\"hidden\" name=\"_wpcf7_version\" value=\"5.8\" \/>\n<input type=\"hidden\" name=\"_wpcf7_locale\" value=\"en_US\" \/>\n<input type=\"hidden\" name=\"_wpcf7_unit_tag\" value=\"wpcf7-f10-o1\" \/>\n<input type=\"hidden\" name=\"_wpcf7_container_post\" value=\"0\" \/>\n<input type=\"hidden\" name=\"_wpcf7_posted_data_hash\" value=\"\" \/>\n<\/div>\n<h3 class=\"form-title\"><br \/>\n<span class=\"icon-title\"><\/span>LI\u00caN H\u1ec6 GI\u1ea2I \u0110\u00c1P C\u00c1C TH\u1eaeC M\u1eaeC\n<\/h3>\n<div class=\"row row-collapse\">\n\t<div class=\"col large-3\">\n\t\t<p><span class=\"name\">H\u1ecd v\u00e0 t\u00ean*<\/span>\n\t\t<\/p>\n\t<\/div>\n\t<div class=\"col large-9\">\n\t\t<div class=\"form-group\">\n\t\t\t<p><span class=\"wpcf7-form-control-wrap\" data-name=\"text-644\"><input size=\"40\" class=\"wpcf7-form-control wpcf7-text wpcf7-validates-as-required\" aria-required=\"true\" aria-invalid=\"false\" placeholder=\"H\u1ecd v\u00e0 t\u00ean\" value=\"\" type=\"text\" name=\"text-644\" \/><\/span>\n\t\t\t<\/p>\n\t\t<\/div>\n\t<\/div>\n\t<div class=\"col large-3\">\n\t\t<p><span class=\"name\">Email*<\/span>\n\t\t<\/p>\n\t<\/div>\n\t<div class=\"col large-9\">\n\t\t<div class=\"form-group\">\n\t\t\t<p><span class=\"wpcf7-form-control-wrap\" data-name=\"email-502\"><input size=\"40\" class=\"wpcf7-form-control wpcf7-email wpcf7-text wpcf7-validates-as-email\" aria-invalid=\"false\" placeholder=\"Email\" value=\"\" type=\"email\" name=\"email-502\" \/><\/span>\n\t\t\t<\/p>\n\t\t<\/div>\n\t<\/div>\n\t<div class=\"col large-3\">\n\t\t<p><span class=\"name\">\u0110i\u1ec7n tho\u1ea1i*<\/span>\n\t\t<\/p>\n\t<\/div>\n\t<div class=\"col large-9\">\n\t\t<div class=\"form-group\">\n\t\t\t<p><span class=\"wpcf7-form-control-wrap\" data-name=\"tel-487\"><input size=\"40\" class=\"wpcf7-form-control wpcf7-tel wpcf7-validates-as-required wpcf7-text wpcf7-validates-as-tel\" aria-required=\"true\" aria-invalid=\"false\" placeholder=\"S\u1ed1 \u0111i\u1ec7n tho\u1ea1i\" value=\"\" type=\"tel\" name=\"tel-487\" \/><\/span>\n\t\t\t<\/p>\n\t\t<\/div>\n\t<\/div>\n\t<div class=\"col large-3\">\n\t\t<p><span class=\"name\">\u00dd ki\u1ebfn*<\/span>\n\t\t<\/p>\n\t<\/div>\n\t<div class=\"col large-9\">\n\t\t<div class=\"form-group\">\n\t\t\t<p><span class=\"wpcf7-form-control-wrap\" data-name=\"textarea-291\"><textarea cols=\"40\" rows=\"10\" class=\"wpcf7-form-control wpcf7-textarea\" aria-invalid=\"false\" placeholder=\"\u00dd ki\u1ebfn\" name=\"textarea-291\"><\/textarea><\/span>\n\t\t\t<\/p>\n\t\t<\/div>\n\t<\/div>\n\t<div class=\"col large-3 hide-for-medium\">\n\t<\/div>\n\t<div class=\"col large-9 button-dt\">\n\t\t<div class=\"form-group\">\n\t\t\t<p><input class=\"wpcf7-form-control wpcf7-submit has-spinner\" type=\"submit\" value=\"G\u1eecI \u00dd KI\u1ebeN\" \/>\n\t\t\t<\/p>\n\t\t<\/div>\n\t<\/div>\n<\/div><div class=\"wpcf7-response-output\" aria-hidden=\"true\"><\/div>\n<\/form>\n<\/div>\n\n\t\t<\/div>\n\t\t\t\t\t<\/div>\n\n\t\n<\/div>\n\t\t<\/div>\n\n\t\t\n<style>\n#section_1591698491 {\n  padding-top: 0px;\n  padding-bottom: 0px;\n}\n#section_1591698491 .ux-shape-divider--top svg {\n  height: 150px;\n  --divider-top-width: 100%;\n}\n#section_1591698491 .ux-shape-divider--bottom svg {\n  height: 150px;\n  --divider-width: 100%;\n}\n<\/style>\n\t<\/section>\n\t\n","protected":false},"excerpt":{"rendered":"","protected":false},"author":1,"featured_media":0,"parent":0,"menu_order":9,"comment_status":"closed","ping_status":"closed","template":"page-blank.php","meta":{"inline_featured_image":false,"footnotes":""},"yoast_head":"<!-- This site is optimized with the Yoast SEO plugin v21.2 - https:\/\/yoast.com\/wordpress\/plugins\/seo\/ -->\n<title>Website xu\u00e1t kh\u1ea9u lao \u0111\u1ed9ng, d\u1ecbch v\u1ee5<\/title>\n<meta name=\"robots\" content=\"index, follow, max-snippet:-1, max-image-preview:large, max-video-preview:-1\" \/>\n<link rel=\"canonical\" href=\"https:\/\/ims.vinastar.info\/?page_id=510\" \/>\n<meta property=\"og:locale\" content=\"vi_VN\" \/>\n<meta property=\"og:type\" content=\"article\" \/>\n<meta property=\"og:title\" content=\"Website xu\u00e1t kh\u1ea9u lao \u0111\u1ed9ng, d\u1ecbch v\u1ee5\" \/>\n<meta property=\"og:url\" content=\"https:\/\/ims.vinastar.info\/?page_id=510\" \/>\n<meta property=\"og:site_name\" content=\"Website xu\u00e1t kh\u1ea9u lao \u0111\u1ed9ng, d\u1ecbch v\u1ee5\" \/>\n<meta property=\"article:modified_time\" content=\"2023-10-16T09:36:36+00:00\" \/>\n<meta name=\"twitter:card\" content=\"summary_large_image\" \/>\n<meta name=\"twitter:label1\" content=\"\u01af\u1edbc t\u00ednh th\u1eddi gian \u0111\u1ecdc\" \/>\n\t<meta name=\"twitter:data1\" content=\"1 ph\u00fat\" \/>\n<script type=\"application\/ld+json\" class=\"yoast-schema-graph\">{\"@context\":\"https:\/\/schema.org\",\"@graph\":[{\"@type\":\"WebPage\",\"@id\":\"https:\/\/ims.vinastar.info\/?page_id=510\",\"url\":\"https:\/\/ims.vinastar.info\/?page_id=510\",\"name\":\"Website xu\u00e1t kh\u1ea9u lao \u0111\u1ed9ng, d\u1ecbch v\u1ee5\",\"isPartOf\":{\"@id\":\"https:\/\/ims.vinastar.info\/#website\"},\"datePublished\":\"2019-03-06T08:02:47+00:00\",\"dateModified\":\"2023-10-16T09:36:36+00:00\",\"breadcrumb\":{\"@id\":\"https:\/\/ims.vinastar.info\/?page_id=510#breadcrumb\"},\"inLanguage\":\"vi\",\"potentialAction\":[{\"@type\":\"ReadAction\",\"target\":[\"https:\/\/ims.vinastar.info\/?page_id=510\"]}]},{\"@type\":\"BreadcrumbList\",\"@id\":\"https:\/\/ims.vinastar.info\/?page_id=510#breadcrumb\",\"itemListElement\":[{\"@type\":\"ListItem\",\"position\":1,\"name\":\"Trang ch\u1ee7\",\"item\":\"https:\/\/ims.vinastar.info\/\"},{\"@type\":\"ListItem\",\"position\":2,\"name\":\"Li\u00ean h\u1ec7\"}]},{\"@type\":\"WebSite\",\"@id\":\"https:\/\/ims.vinastar.info\/#website\",\"url\":\"https:\/\/ims.vinastar.info\/\",\"name\":\"Website xu\u00e1t kh\u1ea9u lao \u0111\u1ed9ng, d\u1ecbch v\u1ee5\",\"description\":\"thi\u1ebft k\u1ebf Website xu\u00e1t kh\u1ea9u lao \u0111\u1ed9ng, d\u1ecbch v\u1ee5\",\"potentialAction\":[{\"@type\":\"SearchAction\",\"target\":{\"@type\":\"EntryPoint\",\"urlTemplate\":\"https:\/\/ims.vinastar.info\/?s={search_term_string}\"},\"query-input\":\"required name=search_term_string\"}],\"inLanguage\":\"vi\"}]}<\/script>\n<!-- \/ Yoast SEO plugin. -->","yoast_head_json":{"title":"Website xu\u00e1t kh\u1ea9u lao \u0111\u1ed9ng, d\u1ecbch v\u1ee5","robots":{"index":"index","follow":"follow","max-snippet":"max-snippet:-1","max-image-preview":"max-image-preview:large","max-video-preview":"max-video-preview:-1"},"canonical":"https:\/\/ims.vinastar.info\/?page_id=510","og_locale":"vi_VN","og_type":"article","og_title":"Website xu\u00e1t kh\u1ea9u lao \u0111\u1ed9ng, d\u1ecbch v\u1ee5","og_url":"https:\/\/ims.vinastar.info\/?page_id=510","og_site_name":"Website xu\u00e1t kh\u1ea9u lao \u0111\u1ed9ng, d\u1ecbch v\u1ee5","article_modified_time":"2023-10-16T09:36:36+00:00","twitter_card":"summary_large_image","twitter_misc":{"\u01af\u1edbc t\u00ednh th\u1eddi gian \u0111\u1ecdc":"1 ph\u00fat"},"schema":{"@context":"https:\/\/schema.org","@graph":[{"@type":"WebPage","@id":"https:\/\/ims.vinastar.info\/?page_id=510","url":"https:\/\/ims.vinastar.info\/?page_id=510","name":"Website xu\u00e1t kh\u1ea9u lao \u0111\u1ed9ng, d\u1ecbch v\u1ee5","isPartOf":{"@id":"https:\/\/ims.vinastar.info\/#website"},"datePublished":"2019-03-06T08:02:47+00:00","dateModified":"2023-10-16T09:36:36+00:00","breadcrumb":{"@id":"https:\/\/ims.vinastar.info\/?page_id=510#breadcrumb"},"inLanguage":"vi","potentialAction":[{"@type":"ReadAction","target":["https:\/\/ims.vinastar.info\/?page_id=510"]}]},{"@type":"BreadcrumbList","@id":"https:\/\/ims.vinastar.info\/?page_id=510#breadcrumb","itemListElement":[{"@type":"ListItem","position":1,"name":"Trang ch\u1ee7","item":"https:\/\/ims.vinastar.info\/"},{"@type":"ListItem","position":2,"name":"Li\u00ean h\u1ec7"}]},{"@type":"WebSite","@id":"https:\/\/ims.vinastar.info\/#website","url":"https:\/\/ims.vinastar.info\/","name":"Website xu\u00e1t kh\u1ea9u lao \u0111\u1ed9ng, d\u1ecbch v\u1ee5","description":"thi\u1ebft k\u1ebf Website xu\u00e1t kh\u1ea9u lao \u0111\u1ed9ng, d\u1ecbch v\u1ee5","potentialAction":[{"@type":"SearchAction","target":{"@type":"EntryPoint","urlTemplate":"https:\/\/ims.vinastar.info\/?s={search_term_string}"},"query-input":"required name=search_term_string"}],"inLanguage":"vi"}]}},"_links":{"self":[{"href":"https:\/\/ims.vinastar.info\/index.php?rest_route=\/wp\/v2\/pages\/510"}],"collection":[{"href":"https:\/\/ims.vinastar.info\/index.php?rest_route=\/wp\/v2\/pages"}],"about":[{"href":"https:\/\/ims.vinastar.info\/index.php?rest_route=\/wp\/v2\/types\/page"}],"author":[{"embeddable":true,"href":"https:\/\/ims.vinastar.info\/index.php?rest_route=\/wp\/v2\/users\/1"}],"replies":[{"embeddable":true,"href":"https:\/\/ims.vinastar.info\/index.php?rest_route=%2Fwp%2Fv2%2Fcomments&post=510"}],"version-history":[{"count":38,"href":"https:\/\/ims.vinastar.info\/index.php?rest_route=\/wp\/v2\/pages\/510\/revisions"}],"predecessor-version":[{"id":4812,"href":"https:\/\/ims.vinastar.info\/index.php?rest_route=\/wp\/v2\/pages\/510\/revisions\/4812"}],"wp:attachment":[{"href":"https:\/\/ims.vinastar.info\/index.php?rest_route=%2Fwp%2Fv2%2Fmedia&parent=510"}],"curies":[{"name":"wp","href":"https:\/\/api.w.org\/{rel}","templated":true}]}}